{"id":1892,"date":"2021-12-26T18:22:20","date_gmt":"2021-12-26T18:22:20","guid":{"rendered":"https:\/\/www.dozzler.com\/staging\/6982\/?page_id=1892"},"modified":"2021-12-26T19:19:54","modified_gmt":"2021-12-26T19:19:54","slug":"biography-deutsch","status":"publish","type":"page","link":"https:\/\/www.dozzler.com\/staging\/6982\/biography\/biography-deutsch\/","title":{"rendered":"Biography Deutsch"},"content":{"rendered":"<h1>Biographie<\/h1>\n<h6>Der Multiinstrumentalist Christian Dozzler (vocals, piano, harmonica, organ, accordion), wegen seiner K\u00f6rpergr\u00f6\u00dfe auch &#8220;Zwei Meter Blues&#8221; genannt, ist nun bereits seit mehr als vier Jahrzehnten im Zeichen des Blues unterwegs und gilt heute als einer der vielseitigsten Bluesmusiker, die Europa hervorgebracht hat. Seit dem Jahr 2000 lebt er in den USA, derzeit in Dallas\/Fort Worth, Texas.<\/h6>\n<p>Christian Dozzler wurde 1958 in Wien geboren und wuchs in einer musikalischen Familie auf. Bereits ab dem f\u00fcnften Lebensjahr genoss er klassischen Klavierunterricht. Mit vierzehn Jahren entdeckte er den Blues f\u00fcr sich und widmete sich ab da nur noch dieser Musikrichtung und seinen vielen Spielarten und &#8220;Verwandten&#8221;.<\/p>\n<p>Solo Piano-Blues und Boogie Woogie waren der Anfang, und bilden bis heute einen Schwerpunkt in Christians musikalischer T\u00e4tigkeit. 1976 gr\u00fcndete er die &#8220;Backyard Bluesband&#8221;, in der er neben Piano auch Mundharmonika und etwas Gitarre spielte. 1980 wurde aus der Leidenschaft ein Beruf, und Christian f\u00fcgte das Akkordeon zu seinem Instrumentarium hinzu, nachdem er die Zydeco-music lieben gelernt hatte.<\/p>\n<p>Von 1984 bis 1993 war er pr\u00e4gendes Mitglied der &#8220;Mojo Blues Band&#8221;. In dieser Zeit entstanden die ersten Plattenaufnahmen, und zahllose Tourneen f\u00fchrten ihn ab da durch ganz Europa. Die regelm\u00e4\u00dfige Zusammenarbeit mit amerikanischen Bluesk\u00fcnstlern erweiterte st\u00e4ndig seinen stilistischen Horizont und verhalf ihm zu einem musikalischen Background, der unter Europas Musikern selten zu finden ist. 1988 gelangte die von Christians Akkordeonspiel gepr\u00e4gte Nummer &#8220;Rosa Lee&#8221; zu Hitparaden-Ehren, und machte erstmals in \u00d6sterreich die Zydeco-Music einem breiteren Publikum bekannt.<\/p>\n<p>Von 1993 bis 2000 leitete Christian wieder seine eigene Band, &#8220;Christian Dozzler &amp; The Blues Wave&#8221;. Hier konnte er endlich das gesamte Spektrum seiner Vielseitigkeit ausspielen. Das Programm glich einer musikalischen Reise vom Chicago Blues \u00fcber Boogie Woogie, Rhythm &amp; Blues bis zu Swamp-Blues und Zydeco. Wobei gerade der Louisiana-Sound bald zum Markenzeichen dieser Band wurde. Vier CD-Produktionen waren die Bilanz dieser Jahre. Die vierte CD &#8220;Louisiana&#8221; entstand 1999 direkt im Land der Bayous zusammen mit einigen legend\u00e4ren Vertretern der dortigen Musikszene, und erntete internationale Anerkennung.<\/p>\n<p>Im Mai 2000 nahm Christian Dozzler ein Angebot an, das seiner Abenteuerlust entgegenkam: er wurde Mitglied der Band von Larry Garner, \u00fcbersiedelte in die USA und tourte mit Larry zwei Jahre lang von Louisiana aus durch die USA und den Rest der Welt. 2002 lie\u00df er sich in Dallas\/Fort Worth (Texas) nieder, um seine solo-Karriere fortzusetzen. Vier weitere CDs mit grossteils eigenen Songs wurden seither ver\u00f6ffentlicht, und er wirkte auch als Sideman auf zahlreichen internationalen Bluesproduktionen mit.<\/p>\n<p>Dieser Tage tritt Christian Dozzler auf beiden Seiten des Atlantiks haupts\u00e4chlich solo auf, oder als Pianist und S\u00e4nger mit Anson Funderburgh &amp; The Rockets.<\/p>\n<h4>Auszeichnungen und Nominierungen<\/h4>\n<ul id=\"italiclist\">\n<li><b>BLUES CRITIC AWARD 2008:<\/b> Christian Dozzler wurde als &#8220;Best Blues Keyboardist&#8221; nominiert<\/li>\n<li><b>TROPHEES FRANCE BLUES 2000:<\/b> Christian Dozzler erreicht bei den franz\u00f6sischen &#8220;Blues-Oscars&#8221; Nominierungen in zwei Kategorien: als &#8220;Bester Europ\u00e4ischer Bluess\u00e4nger&#8221; und &#8220;Bester Europ\u00e4ischer Bluesmusiker&#8221;<\/li>\n<li><b>CONCERTO-POLL 2000:<\/b> Christian Dozzler wurde von den Lesern und Redakteuren von \u00d6sterreichs gr\u00f6\u00dftem Musikmagazin Concerto zum &#8220;Besten Blues\/Roots Musiker des Jahres&#8221; gew\u00e4hlt.<\/li>\n<li><b>CONCERTO-POLL 1998<\/b>: die CD &#8220;SMILE AWHILE&#8221; wurde zur besten Blues-CD des Jahres gew\u00e4hlt.<\/li>\n<li><b>W.C. HANDY AWARDS 1991:<\/b> Mojo Blues Band &#8211; &#8220;Wild Taste Of Chicago&#8221;, featuring Christian Dozzler, nominiert f\u00fcr &#8220;Best Contemporary Blues Album&#8221;<\/li>\n<li><b>W.C. HANDY AWARDS 1990:<\/b> Magic Slim &#8211; &#8220;Chicago Blues Session Vol.10&#8221;, mit Christian Dozzler am Piano, gewinnt &#8220;Best Contemporary Blues Album&#8221;<\/li>\n<\/ul>\n","protected":false},"excerpt":{"rendered":"<p>Biographie Der Multiinstrumentalist Christian Dozzler (vocals, piano, harmonica, organ, accordion), wegen seiner K\u00f6rpergr\u00f6\u00dfe auch &#8220;Zwei Meter Blues&#8221; genannt, ist nun bereits seit mehr als vier Jahrzehnten im Zeichen des Blues [&hellip;]<\/p>\n","protected":false},"author":1,"featured_media":0,"parent":294,"menu_order":0,"comment_status":"closed","ping_status":"closed","template":"","meta":{"site-sidebar-layout":"no-sidebar","site-content-layout":"page-builder","ast-site-content-layout":"default","site-content-style":"default","site-sidebar-style":"default","ast-global-header-display":"","ast-banner-title-visibility":"","ast-main-header-display":"","ast-hfb-above-header-display":"","ast-hfb-below-header-display":"","ast-hfb-mobile-header-display":"","site-post-title":"disabled","ast-breadcrumbs-content":"disabled","ast-featured-img":"disabled","footer-sml-layout":"","ast-disable-related-posts":"","theme-transparent-header-meta":"enabled","adv-header-id-meta":"","stick-header-meta":"","header-above-stick-meta":"","header-main-stick-meta":"","header-below-stick-meta":"","astra-migrate-meta-layouts":"default","ast-page-background-enabled":"default","ast-page-background-meta":{"desktop":{"background-color":"","background-image":"","background-repeat":"repeat","background-position":"center center","background-size":"auto","background-attachment":"scroll","background-type":"","background-media":"","overlay-type":"","overlay-color":"","overlay-opacity":"","overlay-gradient":""},"tablet":{"background-color":"","background-image":"","background-repeat":"repeat","background-position":"center center","background-size":"auto","background-attachment":"scroll","background-type":"","background-media":"","overlay-type":"","overlay-color":"","overlay-opacity":"","overlay-gradient":""},"mobile":{"background-color":"","background-image":"","background-repeat":"repeat","background-position":"center center","background-size":"auto","background-attachment":"scroll","background-type":"","background-media":"","overlay-type":"","overlay-color":"","overlay-opacity":"","overlay-gradient":""}},"ast-content-background-meta":{"desktop":{"background-color":"var(--ast-global-color-5)","background-image":"","background-repeat":"repeat","background-position":"center center","background-size":"auto","background-attachment":"scroll","background-type":"","background-media":"","overlay-type":"","overlay-color":"","overlay-opacity":"","overlay-gradient":""},"tablet":{"background-color":"var(--ast-global-color-5)","background-image":"","background-repeat":"repeat","background-position":"center center","background-size":"auto","background-attachment":"scroll","background-type":"","background-media":"","overlay-type":"","overlay-color":"","overlay-opacity":"","overlay-gradient":""},"mobile":{"background-color":"var(--ast-global-color-5)","background-image":"","background-repeat":"repeat","background-position":"center center","background-size":"auto","background-attachment":"scroll","background-type":"","background-media":"","overlay-type":"","overlay-color":"","overlay-opacity":"","overlay-gradient":""}},"footnotes":""},"class_list":["post-1892","page","type-page","status-publish","hentry"],"yoast_head":"<!-- This site is optimized with the Yoast SEO plugin v27.4 - https:\/\/yoast.com\/product\/yoast-seo-wordpress\/ -->\n<title>Biography Deutsch - dozzler.com<\/title>\n<meta name=\"robots\" content=\"index, follow, max-snippet:-1, max-image-preview:large, max-video-preview:-1\" \/>\n<link rel=\"canonical\" href=\"https:\/\/www.dozzler.com\/staging\/6982\/biography\/biography-deutsch\/\" \/>\n<meta property=\"og:locale\" content=\"en_US\" \/>\n<meta property=\"og:type\" content=\"article\" \/>\n<meta property=\"og:title\" content=\"Biography Deutsch - dozzler.com\" \/>\n<meta property=\"og:description\" content=\"Biographie Der Multiinstrumentalist Christian Dozzler (vocals, piano, harmonica, organ, accordion), wegen seiner K\u00f6rpergr\u00f6\u00dfe auch &#8220;Zwei Meter Blues&#8221; genannt, ist nun bereits seit mehr als vier Jahrzehnten im Zeichen des Blues [&hellip;]\" \/>\n<meta property=\"og:url\" content=\"https:\/\/www.dozzler.com\/staging\/6982\/biography\/biography-deutsch\/\" \/>\n<meta property=\"og:site_name\" content=\"dozzler.com\" \/>\n<meta property=\"article:modified_time\" content=\"2021-12-26T19:19:54+00:00\" \/>\n<meta name=\"twitter:card\" content=\"summary_large_image\" \/>\n<meta name=\"twitter:label1\" content=\"Est. reading time\" \/>\n\t<meta name=\"twitter:data1\" content=\"3 minutes\" \/>\n<script type=\"application\/ld+json\" class=\"yoast-schema-graph\">{\"@context\":\"https:\\\/\\\/schema.org\",\"@graph\":[{\"@type\":\"WebPage\",\"@id\":\"https:\\\/\\\/www.dozzler.com\\\/staging\\\/6982\\\/biography\\\/biography-deutsch\\\/\",\"url\":\"https:\\\/\\\/www.dozzler.com\\\/staging\\\/6982\\\/biography\\\/biography-deutsch\\\/\",\"name\":\"Biography Deutsch - dozzler.com\",\"isPartOf\":{\"@id\":\"https:\\\/\\\/picturerehab.com\\\/dozzlerCom\\\/#website\"},\"datePublished\":\"2021-12-26T18:22:20+00:00\",\"dateModified\":\"2021-12-26T19:19:54+00:00\",\"breadcrumb\":{\"@id\":\"https:\\\/\\\/www.dozzler.com\\\/staging\\\/6982\\\/biography\\\/biography-deutsch\\\/#breadcrumb\"},\"inLanguage\":\"en-US\",\"potentialAction\":[{\"@type\":\"ReadAction\",\"target\":[\"https:\\\/\\\/www.dozzler.com\\\/staging\\\/6982\\\/biography\\\/biography-deutsch\\\/\"]}]},{\"@type\":\"BreadcrumbList\",\"@id\":\"https:\\\/\\\/www.dozzler.com\\\/staging\\\/6982\\\/biography\\\/biography-deutsch\\\/#breadcrumb\",\"itemListElement\":[{\"@type\":\"ListItem\",\"position\":1,\"name\":\"Home\",\"item\":\"https:\\\/\\\/www.dozzler.com\\\/staging\\\/6982\\\/\"},{\"@type\":\"ListItem\",\"position\":2,\"name\":\"Biography\",\"item\":\"https:\\\/\\\/www.dozzler.com\\\/biography\\\/\"},{\"@type\":\"ListItem\",\"position\":3,\"name\":\"Biography Deutsch\"}]},{\"@type\":\"WebSite\",\"@id\":\"https:\\\/\\\/picturerehab.com\\\/dozzlerCom\\\/#website\",\"url\":\"https:\\\/\\\/picturerehab.com\\\/dozzlerCom\\\/\",\"name\":\"dozzler.com\",\"description\":\"official website\",\"publisher\":{\"@id\":\"https:\\\/\\\/picturerehab.com\\\/dozzlerCom\\\/#organization\"},\"potentialAction\":[{\"@type\":\"SearchAction\",\"target\":{\"@type\":\"EntryPoint\",\"urlTemplate\":\"https:\\\/\\\/picturerehab.com\\\/dozzlerCom\\\/?s={search_term_string}\"},\"query-input\":{\"@type\":\"PropertyValueSpecification\",\"valueRequired\":true,\"valueName\":\"search_term_string\"}}],\"inLanguage\":\"en-US\"},{\"@type\":\"Organization\",\"@id\":\"https:\\\/\\\/picturerehab.com\\\/dozzlerCom\\\/#organization\",\"name\":\"dozzler.com\",\"url\":\"https:\\\/\\\/picturerehab.com\\\/dozzlerCom\\\/\",\"logo\":{\"@type\":\"ImageObject\",\"inLanguage\":\"en-US\",\"@id\":\"https:\\\/\\\/picturerehab.com\\\/dozzlerCom\\\/#\\\/schema\\\/logo\\\/image\\\/\",\"url\":\"https:\\\/\\\/www.dozzler.com\\\/staging\\\/6982\\\/wp-content\\\/uploads\\\/2021\\\/12\\\/name-logo-white-glow-1.png\",\"contentUrl\":\"https:\\\/\\\/www.dozzler.com\\\/staging\\\/6982\\\/wp-content\\\/uploads\\\/2021\\\/12\\\/name-logo-white-glow-1.png\",\"width\":352,\"height\":126,\"caption\":\"dozzler.com\"},\"image\":{\"@id\":\"https:\\\/\\\/picturerehab.com\\\/dozzlerCom\\\/#\\\/schema\\\/logo\\\/image\\\/\"}}]}<\/script>\n<!-- \/ Yoast SEO plugin. -->","yoast_head_json":{"title":"Biography Deutsch - dozzler.com","robots":{"index":"index","follow":"follow","max-snippet":"max-snippet:-1","max-image-preview":"max-image-preview:large","max-video-preview":"max-video-preview:-1"},"canonical":"https:\/\/www.dozzler.com\/staging\/6982\/biography\/biography-deutsch\/","og_locale":"en_US","og_type":"article","og_title":"Biography Deutsch - dozzler.com","og_description":"Biographie Der Multiinstrumentalist Christian Dozzler (vocals, piano, harmonica, organ, accordion), wegen seiner K\u00f6rpergr\u00f6\u00dfe auch &#8220;Zwei Meter Blues&#8221; genannt, ist nun bereits seit mehr als vier Jahrzehnten im Zeichen des Blues [&hellip;]","og_url":"https:\/\/www.dozzler.com\/staging\/6982\/biography\/biography-deutsch\/","og_site_name":"dozzler.com","article_modified_time":"2021-12-26T19:19:54+00:00","twitter_card":"summary_large_image","twitter_misc":{"Est. reading time":"3 minutes"},"schema":{"@context":"https:\/\/schema.org","@graph":[{"@type":"WebPage","@id":"https:\/\/www.dozzler.com\/staging\/6982\/biography\/biography-deutsch\/","url":"https:\/\/www.dozzler.com\/staging\/6982\/biography\/biography-deutsch\/","name":"Biography Deutsch - dozzler.com","isPartOf":{"@id":"https:\/\/picturerehab.com\/dozzlerCom\/#website"},"datePublished":"2021-12-26T18:22:20+00:00","dateModified":"2021-12-26T19:19:54+00:00","breadcrumb":{"@id":"https:\/\/www.dozzler.com\/staging\/6982\/biography\/biography-deutsch\/#breadcrumb"},"inLanguage":"en-US","potentialAction":[{"@type":"ReadAction","target":["https:\/\/www.dozzler.com\/staging\/6982\/biography\/biography-deutsch\/"]}]},{"@type":"BreadcrumbList","@id":"https:\/\/www.dozzler.com\/staging\/6982\/biography\/biography-deutsch\/#breadcrumb","itemListElement":[{"@type":"ListItem","position":1,"name":"Home","item":"https:\/\/www.dozzler.com\/staging\/6982\/"},{"@type":"ListItem","position":2,"name":"Biography","item":"https:\/\/www.dozzler.com\/biography\/"},{"@type":"ListItem","position":3,"name":"Biography Deutsch"}]},{"@type":"WebSite","@id":"https:\/\/picturerehab.com\/dozzlerCom\/#website","url":"https:\/\/picturerehab.com\/dozzlerCom\/","name":"dozzler.com","description":"official website","publisher":{"@id":"https:\/\/picturerehab.com\/dozzlerCom\/#organization"},"potentialAction":[{"@type":"SearchAction","target":{"@type":"EntryPoint","urlTemplate":"https:\/\/picturerehab.com\/dozzlerCom\/?s={search_term_string}"},"query-input":{"@type":"PropertyValueSpecification","valueRequired":true,"valueName":"search_term_string"}}],"inLanguage":"en-US"},{"@type":"Organization","@id":"https:\/\/picturerehab.com\/dozzlerCom\/#organization","name":"dozzler.com","url":"https:\/\/picturerehab.com\/dozzlerCom\/","logo":{"@type":"ImageObject","inLanguage":"en-US","@id":"https:\/\/picturerehab.com\/dozzlerCom\/#\/schema\/logo\/image\/","url":"https:\/\/www.dozzler.com\/staging\/6982\/wp-content\/uploads\/2021\/12\/name-logo-white-glow-1.png","contentUrl":"https:\/\/www.dozzler.com\/staging\/6982\/wp-content\/uploads\/2021\/12\/name-logo-white-glow-1.png","width":352,"height":126,"caption":"dozzler.com"},"image":{"@id":"https:\/\/picturerehab.com\/dozzlerCom\/#\/schema\/logo\/image\/"}}]}},"_links":{"self":[{"href":"https:\/\/www.dozzler.com\/staging\/6982\/wp-json\/wp\/v2\/pages\/1892","targetHints":{"allow":["GET"]}}],"collection":[{"href":"https:\/\/www.dozzler.com\/staging\/6982\/wp-json\/wp\/v2\/pages"}],"about":[{"href":"https:\/\/www.dozzler.com\/staging\/6982\/wp-json\/wp\/v2\/types\/page"}],"author":[{"embeddable":true,"href":"https:\/\/www.dozzler.com\/staging\/6982\/wp-json\/wp\/v2\/users\/1"}],"replies":[{"embeddable":true,"href":"https:\/\/www.dozzler.com\/staging\/6982\/wp-json\/wp\/v2\/comments?post=1892"}],"version-history":[{"count":5,"href":"https:\/\/www.dozzler.com\/staging\/6982\/wp-json\/wp\/v2\/pages\/1892\/revisions"}],"predecessor-version":[{"id":1903,"href":"https:\/\/www.dozzler.com\/staging\/6982\/wp-json\/wp\/v2\/pages\/1892\/revisions\/1903"}],"up":[{"embeddable":true,"href":"https:\/\/www.dozzler.com\/staging\/6982\/wp-json\/wp\/v2\/pages\/294"}],"wp:attachment":[{"href":"https:\/\/www.dozzler.com\/staging\/6982\/wp-json\/wp\/v2\/media?parent=1892"}],"curies":[{"name":"wp","href":"https:\/\/api.w.org\/{rel}","templated":true}]}}